{"id":1565,"date":"2017-08-28T21:28:25","date_gmt":"2017-08-28T21:28:25","guid":{"rendered":"http:\/\/vidasilvestre.org\/inicio\/"},"modified":"2019-02-10T23:31:44","modified_gmt":"2019-02-11T04:31:44","slug":"inicio","status":"publish","type":"page","link":"https:\/\/vidasilvestre.org\/en\/","title":{"rendered":"Home"},"content":{"rendered":"<p>[vc_row header_feature=&#8221;yes&#8221; padding_top=&#8221;100px&#8221; padding_bottom=&#8221;100px&#8221; margin_bottom=&#8221;0&#8243;][vc_column width=&#8221;1\/6&#8243;][\/vc_column][vc_column width=&#8221;2\/3&#8243;][vc_column_text el_class=&#8221;align-text&#8221;]<\/p>\n<h1>ECUADOR WILDLIFE FOUNDATION<\/h1>\n<h2>TAKE CARE OF THE WILD ANIMALS AND ENDEMIC FLORA OF ECUADOR, THIS IS THE REASON WHY ECUADOR WILDLIFE FOUNDATION EXISTS.<\/h2>\n<hr \/>\n<p>We count on a multidisciplinary team of people who tend to the needs of these species in different areas: veterinary attention and rehabilitation of wild fauna; handling and propagation of native and endemic flora; education and training in conservation; and community development. We aim to overcome the problems that exist in the ecosystem in a comprehensive fashion, hoping to facilitate the coexistence between humans with animal and floral species.<\/p>\n<p><a class=\"my-button2\" href=\"http:\/\/vidasilvestre.org\/fundation\/\">ABOUT US<\/a>[\/vc_column_text][\/vc_column][vc_column width=&#8221;1\/6&#8243;][\/vc_column][\/vc_row][vc_row bg_type=&#8221;color&#8221; equal_column_height=&#8221;equal-column&#8221; tablet_portrait_equal_column_height=&#8221;inherit&#8221; padding_top=&#8221;100px&#8221; padding_bottom=&#8221;100px&#8221; margin_bottom=&#8221;0px&#8221; bg_color=&#8221;#f6f5f2&#8243;][vc_column width=&#8221;1\/3&#8243;]<div class=\"grve-element grve-image grve-align-center\" style=\"margin-bottom: 20px;\"><img width=\"48\" height=\"48\" src=\"https:\/\/vidasilvestre.org\/wp-content\/uploads\/2017\/08\/icons-guacamaya-ini.png\" class=\"attachment-full size-full\" alt=\"\" decoding=\"async\" loading=\"lazy\" srcset=\"https:\/\/vidasilvestre.org\/wp-content\/uploads\/2017\/08\/icons-guacamaya-ini.png 1x,https:\/\/vidasilvestre.org\/wp-content\/uploads\/2017\/08\/icons-guacamaya.png 2x\" \/><\/div><h4 class=\"grve-element grve-title grve-align-center grve-h4\" style=\"\"><span>FAUNA<\/span><\/h4>[vc_column_text]<\/p>\n<p class=\"column-service-title\" style=\"text-align: center;\">Ecuador\u2019s wild fauna are permanent victims of trafficking, illegal hunting and accidents incited by urban development. Our team takes care of these animals!<\/p>\n<p style=\"text-align: center;\"><a class=\"my-button2\" href=\"http:\/\/vidasilvestre.org\/en\/fauna\/\">Read more<\/a><\/p>\n<p>[\/vc_column_text][vc_empty_space height=&#8221;35px&#8221;][\/vc_column][vc_column width=&#8221;1\/3&#8243;]<div class=\"grve-element grve-image grve-align-center\" style=\"margin-bottom: 20px;\"><img width=\"48\" height=\"48\" src=\"https:\/\/vidasilvestre.org\/wp-content\/uploads\/2017\/08\/icons-palmera-ini.png\" class=\"attachment-full size-full\" alt=\"\" decoding=\"async\" loading=\"lazy\" srcset=\"https:\/\/vidasilvestre.org\/wp-content\/uploads\/2017\/08\/icons-palmera-ini.png 1x,https:\/\/vidasilvestre.org\/wp-content\/uploads\/2017\/08\/icons-palmera.png 2x\" \/><\/div><h4 class=\"grve-element grve-title grve-align-center grve-h4\" style=\"\"><span>FLORA<\/span><\/h4>[vc_column_text]<\/p>\n<p class=\"column-service-title\" style=\"text-align: center;\">In the capital city of Ecuador: Quito, 300 endemic species of plants exist. In the country, around 80% of the floral endemic species are found as threatened or endangered.<\/p>\n<p style=\"text-align: center;\"><a class=\"my-button2\" href=\"http:\/\/vidasilvestre.org\/en\/flora\/\">Read more<\/a><\/p>\n<p>[\/vc_column_text][vc_empty_space height=&#8221;35px&#8221;][\/vc_column][vc_column width=&#8221;1\/3&#8243;]<div class=\"grve-element grve-image grve-align-center\" style=\"margin-bottom: 20px;\"><img width=\"48\" height=\"48\" src=\"https:\/\/vidasilvestre.org\/wp-content\/uploads\/2017\/08\/icons-bombillo-ini.png\" class=\"attachment-full size-full\" alt=\"\" decoding=\"async\" loading=\"lazy\" srcset=\"https:\/\/vidasilvestre.org\/wp-content\/uploads\/2017\/08\/icons-bombillo-ini.png 1x,https:\/\/vidasilvestre.org\/wp-content\/uploads\/2017\/08\/icons-bombillo.png 2x\" \/><\/div><h4 class=\"grve-element grve-title grve-align-center grve-h4\" style=\"\"><span>EDUCATION<\/span><\/h4>[vc_column_text]<\/p>\n<p class=\"column-service-title\" style=\"text-align: center;\">Ecuador is a megadiverse country, where the flora and fauna coexist with people. Kids, also cohabit with these species, therefore, they must also exist as part of the equilibrium between urban areas and respect towards nature.<\/p>\n<p style=\"text-align: center;\"><a class=\"my-button2\" href=\"http:\/\/vidasilvestre.org\/en\/education\/\">Read more<\/a><\/p>\n<p>[\/vc_column_text][vc_empty_space height=&#8221;35px&#8221;][\/vc_column][\/vc_row][vc_row section_type=&#8221;fullwidth&#8221; bg_type=&#8221;image&#8221; bg_image=&#8221;314&#8243; bg_image_type=&#8221;pattern&#8221; color_overlay=&#8221;custom&#8221; color_overlay_custom=&#8221;&#8221; equal_column_height=&#8221;middle-content&#8221; margin_bottom=&#8221;0&#8243; font_color=&#8221;#000000&#8243;][vc_column width=&#8221;1\/2&#8243; tablet_width=&#8221;1-2&#8243; tablet_sm_width=&#8221;1&#8243;][vc_column_text el_class=&#8221;normal-box align-text&#8221;]<\/p>\n<h1>Make a Donation<\/h1>\n<hr \/>\n<h2>Wildlife Hospital.<\/h2>\n<p>With your help, we will build the first Wildlife Hospital in Ecuador. This 300 m2 center counts with areas for veterinary attention, areas for handling and open enclosures for a variety of species.<\/p>\n<p><a class=\"my-button2\" href=\"http:\/\/vidasilvestre.org\/en\/donate\/\">Participate<\/a>[\/vc_column_text][\/vc_column][vc_column width=&#8221;1\/2&#8243; tablet_width=&#8221;1-2&#8243; tablet_sm_width=&#8221;1&#8243;]<div class=\"grve-element grve-image grve-align-center\" style=\"\"><img width=\"800\" height=\"450\" src=\"https:\/\/vidasilvestre.org\/wp-content\/uploads\/2017\/08\/haz_una_donacion.jpg\" class=\"grve-full-image attachment-blade-grve-small-rect-horizontal-wide size-blade-grve-small-rect-horizontal-wide\" alt=\"\" decoding=\"async\" loading=\"lazy\" srcset=\"https:\/\/vidasilvestre.org\/wp-content\/uploads\/2017\/08\/haz_una_donacion.jpg 800w, https:\/\/vidasilvestre.org\/wp-content\/uploads\/2017\/08\/haz_una_donacion-300x169.jpg 300w, https:\/\/vidasilvestre.org\/wp-content\/uploads\/2017\/08\/haz_una_donacion-768x432.jpg 768w\" sizes=\"(max-width: 800px) 100vw, 800px\" \/><\/div>[\/vc_column][\/vc_row][vc_row padding_top=&#8221;100px&#8221; padding_bottom=&#8221;100px&#8221;][vc_column][vc_column_text el_class=&#8221;align-text&#8221;]<\/p>\n<h1>Our Work<\/h1>\n<hr \/>\n<p>[\/vc_column_text][vc_row_inner css=&#8221;.vc_custom_1504650727498{padding-top: 100px !important;}&#8221;][vc_column_inner width=&#8221;1\/3&#8243;]<div class=\"grve-element grve-image grve-align-center\" style=\"\"><img width=\"48\" height=\"48\" src=\"https:\/\/vidasilvestre.org\/wp-content\/uploads\/2017\/08\/icons8-Oak-Tree-48-ini.png\" class=\"attachment-full size-full\" alt=\"\" decoding=\"async\" loading=\"lazy\" srcset=\"https:\/\/vidasilvestre.org\/wp-content\/uploads\/2017\/08\/icons8-Oak-Tree-48-ini.png 1x,https:\/\/vidasilvestre.org\/wp-content\/uploads\/2017\/08\/icons8-Oak-Tree-48.png 2x\" \/><\/div><div class=\"grve-element grve-counter grve-align-center\" style=\"\">  <div class=\"grve-counter-content\">    <div class=\"grve-counter-item grve-text-black grve-large\">      <span data-thousands-separator-vis=\"\" data-thousands-separator=\"\" data-prefix=\"\" data-suffix=\"\" data-start-val=\"0\" data-end-val=\"570\" data-decimal-points=\"0\" data-decimal-separator=\".\">0<\/span>    <\/div>\t<h2 class=\"grve-counter-title grve-h2\">Hectares of protected forests<\/h2>  <\/div><\/div>[\/vc_column_inner][vc_column_inner width=&#8221;1\/3&#8243;]<div class=\"grve-element grve-image grve-align-center\" style=\"\"><img width=\"48\" height=\"48\" src=\"https:\/\/vidasilvestre.org\/wp-content\/uploads\/2017\/08\/icons-armadillo-ini.png\" class=\"attachment-full size-full\" alt=\"\" decoding=\"async\" loading=\"lazy\" srcset=\"https:\/\/vidasilvestre.org\/wp-content\/uploads\/2017\/08\/icons-armadillo-ini.png 1x,https:\/\/vidasilvestre.org\/wp-content\/uploads\/2017\/08\/icons-armadillo.png 2x\" \/><\/div><div class=\"grve-element grve-counter grve-align-center\" style=\"\">  <div class=\"grve-counter-content\">    <div class=\"grve-counter-item grve-text-black grve-large\">      <span data-thousands-separator-vis=\"\" data-thousands-separator=\"\" data-prefix=\"\" data-suffix=\"\" data-start-val=\"2500\" data-end-val=\"3000\" data-decimal-points=\"0\" data-decimal-separator=\".\">2500<\/span>    <\/div>\t<h2 class=\"grve-counter-title grve-h2\">Wild animals cared for since 2012<\/h2>  <\/div><\/div>[\/vc_column_inner][vc_column_inner width=&#8221;1\/3&#8243;]<div class=\"grve-element grve-image grve-align-center\" style=\"\"><img width=\"48\" height=\"48\" src=\"https:\/\/vidasilvestre.org\/wp-content\/uploads\/2018\/12\/plantita-02.png\" class=\"attachment-full size-full\" alt=\"\" decoding=\"async\" loading=\"lazy\" srcset=\"https:\/\/vidasilvestre.org\/wp-content\/uploads\/2018\/12\/plantita-02.png 1x,https:\/\/vidasilvestre.org\/wp-content\/uploads\/2018\/12\/plantita-01.png 2x\" \/><\/div><div class=\"grve-element grve-counter grve-align-center\" style=\"\">  <div class=\"grve-counter-content\">    <div class=\"grve-counter-item grve-text-black grve-large\">      <span data-thousands-separator-vis=\"\" data-thousands-separator=\"\" data-prefix=\"\" data-suffix=\"\" data-start-val=\"0\" data-end-val=\"6\" data-decimal-points=\"0\" data-decimal-separator=\".\">0<\/span>    <\/div>\t<h2 class=\"grve-counter-title grve-h2\">Endangered Native Plants Saved<\/h2>  <\/div><\/div>[\/vc_column_inner][\/vc_row_inner][\/vc_column][\/vc_row][vc_row section_type=&#8221;fullwidth&#8221; bg_type=&#8221;image&#8221; bg_image=&#8221;320&#8243; bg_image_type=&#8221;pattern&#8221; equal_column_height=&#8221;middle-content&#8221; margin_bottom=&#8221;0&#8243;][vc_column width=&#8221;1\/2&#8243; tablet_width=&#8221;1-2&#8243; tablet_sm_width=&#8221;1&#8243;][vc_column_text el_class=&#8221;normal-box align-text&#8221;]<\/p>\n<h1>GET INVOLVED<\/h1>\n<hr \/>\n<h2>Lets save dogs and cats in Galapagos!<\/h2>\n<p>We have come up with a project to create a refuge center for domestic dogs and cats that are affecting the endemic species in areas of conservation, with the goal to give them a second opportunity at a good life under responsible care.<\/p>\n<p><a class=\"my-button2\" href=\"#\">Participar<\/a>[\/vc_column_text][\/vc_column][vc_column width=&#8221;1\/2&#8243; tablet_width=&#8221;1-2&#8243; tablet_sm_width=&#8221;1&#8243; css=&#8221;.vc_custom_1505422989302{background-position: 0 0 !important;background-repeat: repeat !important;}&#8221;]<div class=\"grve-element grve-image grve-align-center\" style=\"\"><img width=\"800\" height=\"450\" src=\"https:\/\/vidasilvestre.org\/wp-content\/uploads\/2017\/08\/involucrate.jpg\" class=\"grve-full-image attachment-blade-grve-small-rect-horizontal-wide size-blade-grve-small-rect-horizontal-wide\" alt=\"\" decoding=\"async\" loading=\"lazy\" srcset=\"https:\/\/vidasilvestre.org\/wp-content\/uploads\/2017\/08\/involucrate.jpg 800w, https:\/\/vidasilvestre.org\/wp-content\/uploads\/2017\/08\/involucrate-300x169.jpg 300w, https:\/\/vidasilvestre.org\/wp-content\/uploads\/2017\/08\/involucrate-768x432.jpg 768w\" sizes=\"(max-width: 800px) 100vw, 800px\" \/><\/div>[\/vc_column][\/vc_row][vc_row bg_type=&#8221;color&#8221; padding_top=&#8221;100px&#8221; padding_bottom=&#8221;0&#8243; margin_bottom=&#8221;0&#8243; font_color=&#8221;#ffffff&#8221;][vc_column][vc_column_text el_class=&#8221;align-text&#8221;]<\/p>\n<h1>Our Projects<\/h1>\n<hr \/>\n<p>[\/vc_column_text][\/vc_column][\/vc_row][vc_row padding_top=&#8221;100px&#8221; padding_bottom=&#8221;100px&#8221; margin_bottom=&#8221;0&#8243;][vc_column width=&#8221;1\/3&#8243; tablet_sm_width=&#8221;1&#8243;]<div class=\"grve-element grve-image grve-align-center\" style=\"margin-bottom: 0px;\"><img width=\"1920\" height=\"1080\" src=\"https:\/\/vidasilvestre.org\/wp-content\/uploads\/2017\/09\/Proyectos-Flora_Vivero_plantas_nativa.jpg\" class=\"attachment-full size-full\" alt=\"\" decoding=\"async\" loading=\"lazy\" srcset=\"https:\/\/vidasilvestre.org\/wp-content\/uploads\/2017\/09\/Proyectos-Flora_Vivero_plantas_nativa.jpg 1920w, https:\/\/vidasilvestre.org\/wp-content\/uploads\/2017\/09\/Proyectos-Flora_Vivero_plantas_nativa-300x169.jpg 300w, https:\/\/vidasilvestre.org\/wp-content\/uploads\/2017\/09\/Proyectos-Flora_Vivero_plantas_nativa-768x432.jpg 768w, https:\/\/vidasilvestre.org\/wp-content\/uploads\/2017\/09\/Proyectos-Flora_Vivero_plantas_nativa-1024x576.jpg 1024w, https:\/\/vidasilvestre.org\/wp-content\/uploads\/2017\/09\/Proyectos-Flora_Vivero_plantas_nativa-1170x658.jpg 1170w, https:\/\/vidasilvestre.org\/wp-content\/uploads\/2017\/09\/Proyectos-Flora_Vivero_plantas_nativa-800x450.jpg 800w\" sizes=\"(max-width: 1920px) 100vw, 1920px\" \/><\/div>[vc_column_text el_class=&#8221;gray-box&#8221;]<\/p>\n<h2>Native Plan Nursery<\/h2>\n<p>Approximately 80% of the endemic plants in Ecuador are found to be threatened or endangered. To try to reverse this process&#8230;<\/p>\n<p><a class=\"my-button2\" href=\"#\">Read More<\/a>[\/vc_column_text][\/vc_column][vc_column width=&#8221;1\/3&#8243; tablet_sm_width=&#8221;1&#8243;]<div class=\"grve-element grve-image grve-align-center\" style=\"margin-bottom: 0px;\"><img width=\"1920\" height=\"1080\" src=\"https:\/\/vidasilvestre.org\/wp-content\/uploads\/2017\/08\/Hospital.jpg\" class=\"attachment-full size-full\" alt=\"\" decoding=\"async\" loading=\"lazy\" srcset=\"https:\/\/vidasilvestre.org\/wp-content\/uploads\/2017\/08\/Hospital.jpg 1920w, https:\/\/vidasilvestre.org\/wp-content\/uploads\/2017\/08\/Hospital-300x169.jpg 300w, https:\/\/vidasilvestre.org\/wp-content\/uploads\/2017\/08\/Hospital-768x432.jpg 768w, https:\/\/vidasilvestre.org\/wp-content\/uploads\/2017\/08\/Hospital-1024x576.jpg 1024w, https:\/\/vidasilvestre.org\/wp-content\/uploads\/2017\/08\/Hospital-1170x658.jpg 1170w, https:\/\/vidasilvestre.org\/wp-content\/uploads\/2017\/08\/Hospital-800x450.jpg 800w\" sizes=\"(max-width: 1920px) 100vw, 1920px\" \/><\/div>[vc_column_text el_class=&#8221;gray-box&#8221;]<\/p>\n<h2>Wildlife Hospital<\/h2>\n<p>Thanks to the altruistic help of people and companies, the first wildlife hospital in the country is built in the city of Tumbaco&#8230;<\/p>\n<p><a class=\"my-button2\" href=\"#\">Read More<\/a>[\/vc_column_text][\/vc_column][vc_column width=&#8221;1\/3&#8243; tablet_sm_width=&#8221;1&#8243;]<div class=\"grve-element grve-image grve-align-center\" style=\"margin-bottom: 0px;\"><img width=\"1920\" height=\"1080\" src=\"https:\/\/vidasilvestre.org\/wp-content\/uploads\/2017\/09\/reserva_mindo_03.jpg\" class=\"attachment-full size-full\" alt=\"\" decoding=\"async\" loading=\"lazy\" srcset=\"https:\/\/vidasilvestre.org\/wp-content\/uploads\/2017\/09\/reserva_mindo_03.jpg 1920w, https:\/\/vidasilvestre.org\/wp-content\/uploads\/2017\/09\/reserva_mindo_03-300x169.jpg 300w, https:\/\/vidasilvestre.org\/wp-content\/uploads\/2017\/09\/reserva_mindo_03-768x432.jpg 768w, https:\/\/vidasilvestre.org\/wp-content\/uploads\/2017\/09\/reserva_mindo_03-1024x576.jpg 1024w, https:\/\/vidasilvestre.org\/wp-content\/uploads\/2017\/09\/reserva_mindo_03-1170x658.jpg 1170w, https:\/\/vidasilvestre.org\/wp-content\/uploads\/2017\/09\/reserva_mindo_03-800x450.jpg 800w\" sizes=\"(max-width: 1920px) 100vw, 1920px\" \/><\/div>[vc_column_text el_class=&#8221;gray-box&#8221;]<\/p>\n<h2>El Ed\u00e9n Reserve in Mindo<\/h2>\n<p>Located in the northern region of the province of Pichincha, the city of Mindo counts on great biodiversity of flora and fauna&#8230;<\/p>\n<p><a class=\"my-button2\" href=\"#\">Read More<\/a>[\/vc_column_text][\/vc_column][\/vc_row][vc_row bg_type=&#8221;color&#8221; padding_top=&#8221;0&#8243; padding_bottom=&#8221;100px&#8221; margin_bottom=&#8221;0&#8243; font_color=&#8221;#ffffff&#8221;][vc_column][vc_column_text]<\/p>\n<p style=\"text-align: center;\"><a class=\"my-button2\" href=\"http:\/\/vidasilvestre.org\/en\/projects\/\">All Projects<\/a><\/p>\n<p>[\/vc_column_text][\/vc_column][\/vc_row][vc_row bg_type=&#8221;image&#8221; bg_image=&#8221;1103&#8243; bg_image_type=&#8221;parallax&#8221; pattern_overlay=&#8221;yes&#8221; color_overlay=&#8221;dark&#8221; opacity_overlay=&#8221;50&#8243; footer_feature=&#8221;yes&#8221; padding_top=&#8221;150px&#8221; padding_bottom=&#8221;150px&#8221; margin_bottom=&#8221;0px&#8221;][vc_column width=&#8221;1\/4&#8243;][\/vc_column][vc_column width=&#8221;1\/2&#8243; tablet_sm_width=&#8221;1&#8243; font_color=&#8221;#ffffff&#8221;][vc_column_text el_class=&#8221;light align-text&#8221;]<\/p>\n<h1>HAZ TU APORTE<\/h1>\n<hr \/>\n<p>Con tu aporte contribuir\u00e1s a la construcci\u00f3n del hospital de fauna silvestre y dem\u00e1s proyectos que estamos emprendiendo dentro de la fundaci\u00f3n, con el fin de rescatar la fauna y flora en riesgo en la Rep\u00fablica del Ecuador.[\/vc_column_text][vc_column_text]<\/p>\n<p style=\"text-align: center;\"><a class=\"my-button-donate\" href=\"http:\/\/vidasilvestre.org\/donaciones\/\">Donar ahora<\/a><\/p>\n<p>[\/vc_column_text][\/vc_column][vc_column width=&#8221;1\/4&#8243;][\/vc_column][\/vc_row]<\/p>\n","protected":false},"excerpt":{"rendered":"<p>[vc_row header_feature=&#8221;yes&#8221; padding_top=&#8221;100px&#8221; padding_bottom=&#8221;100px&#8221; margin_bottom=&#8221;0&#8243;][vc_column width=&#8221;1\/6&#8243;][\/vc_column][vc_column width=&#8221;2\/3&#8243;][vc_column_text el_class=&#8221;align-text&#8221;] ECUADOR WILDLIFE FOUNDATION TAKE CARE OF THE WILD ANIMALS AND ENDEMIC FLORA OF ECUADOR, THIS IS THE REASON WHY ECUADOR WILDLIFE FOUNDATION EXISTS. We count on a multidisciplinary team of people who tend to the needs of these species in different areas: veterinary attention and rehabilitation of [&hellip;]<\/p>\n","protected":false},"author":1,"featured_media":0,"parent":0,"menu_order":0,"comment_status":"closed","ping_status":"closed","template":"","meta":[],"_links":{"self":[{"href":"https:\/\/vidasilvestre.org\/en\/wp-json\/wp\/v2\/pages\/1565"}],"collection":[{"href":"https:\/\/vidasilvestre.org\/en\/wp-json\/wp\/v2\/pages"}],"about":[{"href":"https:\/\/vidasilvestre.org\/en\/wp-json\/wp\/v2\/types\/page"}],"author":[{"embeddable":true,"href":"https:\/\/vidasilvestre.org\/en\/wp-json\/wp\/v2\/users\/1"}],"replies":[{"embeddable":true,"href":"https:\/\/vidasilvestre.org\/en\/wp-json\/wp\/v2\/comments?post=1565"}],"version-history":[{"count":4,"href":"https:\/\/vidasilvestre.org\/en\/wp-json\/wp\/v2\/pages\/1565\/revisions"}],"predecessor-version":[{"id":1882,"href":"https:\/\/vidasilvestre.org\/en\/wp-json\/wp\/v2\/pages\/1565\/revisions\/1882"}],"wp:attachment":[{"href":"https:\/\/vidasilvestre.org\/en\/wp-json\/wp\/v2\/media?parent=1565"}],"curies":[{"name":"wp","href":"https:\/\/api.w.org\/{rel}","templated":true}]}}