{"id":1659,"date":"2017-09-07T21:45:34","date_gmt":"2017-09-07T21:45:34","guid":{"rendered":"http:\/\/vidasilvestre.org\/bienestar-comunitario\/"},"modified":"2018-03-28T15:08:10","modified_gmt":"2018-03-28T20:08:10","slug":"community","status":"publish","type":"page","link":"http:\/\/vidasilvestre.org\/en\/community\/","title":{"rendered":"Community"},"content":{"rendered":"<p>[vc_row header_feature=&#8221;yes&#8221; padding_top=&#8221;100px&#8221; padding_bottom=&#8221;100px&#8221;][vc_column width=&#8221;1\/6&#8243; tablet_sm_width=&#8221;hide&#8221;][\/vc_column][vc_column width=&#8221;2\/3&#8243; tablet_sm_width=&#8221;1&#8243;][vc_empty_space height=&#8221;30px&#8221;][vc_column_text el_class=&#8221;align-text&#8221;]<\/p>\n<h1>Community<\/h1>\n<hr \/>\n<p>[\/vc_column_text][vc_row_inner][vc_column_inner][vc_column_text]Empowering people to care for their environment is essential for the process of conservation encouraged by the foundation. By working with communities, we facilitate the necessary tools to better the quality of life in a sustainable and substantial way. [\/vc_column_text][\/vc_column_inner][\/vc_row_inner][vc_empty_space height=&#8221;30px&#8221;]<div class=\"grve-element grve-image grve-align-center\" style=\"\"><img width=\"800\" height=\"450\" src=\"http:\/\/vidasilvestre.org\/wp-content\/uploads\/2017\/09\/bienestar_comunitario-800x450.jpg\" class=\"attachment-blade-grve-small-rect-horizontal-wide size-blade-grve-small-rect-horizontal-wide\" alt=\"\" decoding=\"async\" loading=\"lazy\" srcset=\"http:\/\/vidasilvestre.org\/wp-content\/uploads\/2017\/09\/bienestar_comunitario-800x450.jpg 800w, http:\/\/vidasilvestre.org\/wp-content\/uploads\/2017\/09\/bienestar_comunitario-300x169.jpg 300w, http:\/\/vidasilvestre.org\/wp-content\/uploads\/2017\/09\/bienestar_comunitario-768x432.jpg 768w, http:\/\/vidasilvestre.org\/wp-content\/uploads\/2017\/09\/bienestar_comunitario-1024x576.jpg 1024w, http:\/\/vidasilvestre.org\/wp-content\/uploads\/2017\/09\/bienestar_comunitario-1170x658.jpg 1170w, http:\/\/vidasilvestre.org\/wp-content\/uploads\/2017\/09\/bienestar_comunitario.jpg 1920w\" sizes=\"(max-width: 800px) 100vw, 800px\" \/><\/div>[\/vc_column][vc_column width=&#8221;1\/6&#8243; tablet_sm_width=&#8221;hide&#8221;][\/vc_column][\/vc_row][vc_row bg_type=&#8221;color&#8221; padding_top=&#8221;100px&#8221; padding_bottom=&#8221;100px&#8221; margin_bottom=&#8221;0&#8243; bg_color=&#8221;#f9fafb&#8221; el_class=&#8221;big-box&#8221;][vc_column width=&#8221;1\/2&#8243; tablet_sm_width=&#8221;1&#8243;]<div class=\"grve-element grve-carousel-wrapper\"  style=\" \"><div class=\"grve-carousel-navigation grve-dark grve-navigation-4 grve-navigation-default\">\t<div class=\"grve-carousel-buttons\">\t\t<div class=\"grve-carousel-prev\">\t\t\t<i class=\"grve-icon-arrow-left\"><\/i>\t\t<\/div>\t\t<div class=\"grve-carousel-next\">\t\t\t<i class=\"grve-icon-arrow-right\"><\/i>\t\t<\/div>\t<\/div><\/div><div class=\"grve-slider grve-carousel-element\" data-slider-speed=\"3500\" data-slider-pause=\"no\" data-slider-autoplay=\"yes\" data-slider-autoheight=\"no\"><div class=\"grve-slider-item\"><figure><div class=\"grve-media\"><img width=\"800\" height=\"450\" src=\"http:\/\/vidasilvestre.org\/wp-content\/uploads\/2017\/09\/emprendimiento_01-800x450.jpg\" class=\"attachment-blade-grve-small-rect-horizontal-wide size-blade-grve-small-rect-horizontal-wide\" alt=\"\" decoding=\"async\" loading=\"lazy\" srcset=\"http:\/\/vidasilvestre.org\/wp-content\/uploads\/2017\/09\/emprendimiento_01-800x450.jpg 800w, http:\/\/vidasilvestre.org\/wp-content\/uploads\/2017\/09\/emprendimiento_01-300x169.jpg 300w, http:\/\/vidasilvestre.org\/wp-content\/uploads\/2017\/09\/emprendimiento_01-768x432.jpg 768w, http:\/\/vidasilvestre.org\/wp-content\/uploads\/2017\/09\/emprendimiento_01-1024x576.jpg 1024w, http:\/\/vidasilvestre.org\/wp-content\/uploads\/2017\/09\/emprendimiento_01-1170x658.jpg 1170w, http:\/\/vidasilvestre.org\/wp-content\/uploads\/2017\/09\/emprendimiento_01.jpg 1920w\" sizes=\"(max-width: 800px) 100vw, 800px\" \/><\/div><\/figure><\/div><div class=\"grve-slider-item\"><figure><div class=\"grve-media\"><img width=\"800\" height=\"450\" src=\"http:\/\/vidasilvestre.org\/wp-content\/uploads\/2017\/09\/emprendimiento_02-800x450.jpg\" class=\"attachment-blade-grve-small-rect-horizontal-wide size-blade-grve-small-rect-horizontal-wide\" alt=\"\" decoding=\"async\" loading=\"lazy\" srcset=\"http:\/\/vidasilvestre.org\/wp-content\/uploads\/2017\/09\/emprendimiento_02-800x450.jpg 800w, http:\/\/vidasilvestre.org\/wp-content\/uploads\/2017\/09\/emprendimiento_02-300x169.jpg 300w, http:\/\/vidasilvestre.org\/wp-content\/uploads\/2017\/09\/emprendimiento_02-768x432.jpg 768w, http:\/\/vidasilvestre.org\/wp-content\/uploads\/2017\/09\/emprendimiento_02-1024x576.jpg 1024w, http:\/\/vidasilvestre.org\/wp-content\/uploads\/2017\/09\/emprendimiento_02-1170x658.jpg 1170w, http:\/\/vidasilvestre.org\/wp-content\/uploads\/2017\/09\/emprendimiento_02.jpg 1920w\" sizes=\"(max-width: 800px) 100vw, 800px\" \/><\/div><\/figure><\/div><\/div><\/div>[\/vc_column][vc_column width=&#8221;1\/2&#8243; tablet_sm_width=&#8221;1&#8243;][vc_column_text el_class=&#8221;align-text&#8221;]<\/p>\n<h1>ENTREPENEURSHIP<\/h1>\n<hr \/>\n<p>[\/vc_column_text][vc_column_text]Absolute community development entails training the community with the adequate knowledge for the strengthening of comercial processos such as agriculture, harvest, post-harvest management, and a s a result, a finished product with added value. Besides, support administrative knowledge, such as marketing, publicity, and advertising skills, that would guarantee the sustenance of the community.[\/vc_column_text][vc_empty_space height=&#8221;30px&#8221;][\/vc_column][\/vc_row][vc_row padding_top=&#8221;100px&#8221; padding_bottom=&#8221;100px&#8221; margin_bottom=&#8221;0&#8243;][vc_column width=&#8221;1\/2&#8243; tablet_sm_width=&#8221;1&#8243;][vc_column_text el_class=&#8221;align-text&#8221;]<\/p>\n<h1>GOOD AGRICULTURAL PRACTICES<\/h1>\n<hr \/>\n<p>[\/vc_column_text][vc_column_text]Communities that live in the areas of importance for diverse vulnerable species, concentrate their activities in agriculture and aquatic production with traditional practices that in turn have a drastic effect on the wildlife that lives in that territory.<\/p>\n<p>Taking into account that this activity represents the source of sustenance for these families, the foundation provides theoretical training in the field on good agricultural practices, integrated pest management (IPM), and the use of sustainable crops, seeking to reduce the impact agriculture has on the environment.<br \/>\n[\/vc_column_text][vc_empty_space height=&#8221;30px&#8221;][\/vc_column][vc_column width=&#8221;1\/2&#8243; tablet_sm_width=&#8221;1&#8243;]<div class=\"grve-element grve-carousel-wrapper\"  style=\" \"><div class=\"grve-carousel-navigation grve-dark grve-navigation-4 grve-navigation-default\">\t<div class=\"grve-carousel-buttons\">\t\t<div class=\"grve-carousel-prev\">\t\t\t<i class=\"grve-icon-arrow-left\"><\/i>\t\t<\/div>\t\t<div class=\"grve-carousel-next\">\t\t\t<i class=\"grve-icon-arrow-right\"><\/i>\t\t<\/div>\t<\/div><\/div><div class=\"grve-slider grve-carousel-element\" data-slider-speed=\"3500\" data-slider-pause=\"no\" data-slider-autoplay=\"yes\" data-slider-autoheight=\"no\"><div class=\"grve-slider-item\"><figure><div class=\"grve-media\"><img width=\"800\" height=\"450\" src=\"http:\/\/vidasilvestre.org\/wp-content\/uploads\/2017\/09\/buenas_practicas_agricolas_03-800x450.jpg\" class=\"attachment-blade-grve-small-rect-horizontal-wide size-blade-grve-small-rect-horizontal-wide\" alt=\"\" decoding=\"async\" loading=\"lazy\" srcset=\"http:\/\/vidasilvestre.org\/wp-content\/uploads\/2017\/09\/buenas_practicas_agricolas_03-800x450.jpg 800w, http:\/\/vidasilvestre.org\/wp-content\/uploads\/2017\/09\/buenas_practicas_agricolas_03-300x169.jpg 300w, http:\/\/vidasilvestre.org\/wp-content\/uploads\/2017\/09\/buenas_practicas_agricolas_03-768x432.jpg 768w, http:\/\/vidasilvestre.org\/wp-content\/uploads\/2017\/09\/buenas_practicas_agricolas_03-1024x576.jpg 1024w, http:\/\/vidasilvestre.org\/wp-content\/uploads\/2017\/09\/buenas_practicas_agricolas_03-1170x658.jpg 1170w, http:\/\/vidasilvestre.org\/wp-content\/uploads\/2017\/09\/buenas_practicas_agricolas_03.jpg 1920w\" sizes=\"(max-width: 800px) 100vw, 800px\" \/><\/div><\/figure><\/div><div class=\"grve-slider-item\"><figure><div class=\"grve-media\"><img width=\"800\" height=\"450\" src=\"http:\/\/vidasilvestre.org\/wp-content\/uploads\/2017\/09\/buenas_practicas_agricolas_02-800x450.jpg\" class=\"attachment-blade-grve-small-rect-horizontal-wide size-blade-grve-small-rect-horizontal-wide\" alt=\"\" decoding=\"async\" loading=\"lazy\" srcset=\"http:\/\/vidasilvestre.org\/wp-content\/uploads\/2017\/09\/buenas_practicas_agricolas_02-800x450.jpg 800w, http:\/\/vidasilvestre.org\/wp-content\/uploads\/2017\/09\/buenas_practicas_agricolas_02-300x169.jpg 300w, http:\/\/vidasilvestre.org\/wp-content\/uploads\/2017\/09\/buenas_practicas_agricolas_02-768x432.jpg 768w, http:\/\/vidasilvestre.org\/wp-content\/uploads\/2017\/09\/buenas_practicas_agricolas_02-1024x576.jpg 1024w, http:\/\/vidasilvestre.org\/wp-content\/uploads\/2017\/09\/buenas_practicas_agricolas_02-1170x658.jpg 1170w, http:\/\/vidasilvestre.org\/wp-content\/uploads\/2017\/09\/buenas_practicas_agricolas_02.jpg 1920w\" sizes=\"(max-width: 800px) 100vw, 800px\" \/><\/div><\/figure><\/div><div class=\"grve-slider-item\"><figure><div class=\"grve-media\"><img width=\"800\" height=\"450\" src=\"http:\/\/vidasilvestre.org\/wp-content\/uploads\/2017\/09\/buenas_practicas_agricolas_01-800x450.jpg\" class=\"attachment-blade-grve-small-rect-horizontal-wide size-blade-grve-small-rect-horizontal-wide\" alt=\"\" decoding=\"async\" loading=\"lazy\" srcset=\"http:\/\/vidasilvestre.org\/wp-content\/uploads\/2017\/09\/buenas_practicas_agricolas_01-800x450.jpg 800w, http:\/\/vidasilvestre.org\/wp-content\/uploads\/2017\/09\/buenas_practicas_agricolas_01-300x169.jpg 300w, http:\/\/vidasilvestre.org\/wp-content\/uploads\/2017\/09\/buenas_practicas_agricolas_01-768x432.jpg 768w, http:\/\/vidasilvestre.org\/wp-content\/uploads\/2017\/09\/buenas_practicas_agricolas_01-1024x576.jpg 1024w, http:\/\/vidasilvestre.org\/wp-content\/uploads\/2017\/09\/buenas_practicas_agricolas_01-1170x658.jpg 1170w, http:\/\/vidasilvestre.org\/wp-content\/uploads\/2017\/09\/buenas_practicas_agricolas_01.jpg 1920w\" sizes=\"(max-width: 800px) 100vw, 800px\" \/><\/div><\/figure><\/div><\/div><\/div>[\/vc_column][\/vc_row][vc_row bg_type=&#8221;color&#8221; padding_top=&#8221;100px&#8221; padding_bottom=&#8221;100px&#8221; margin_bottom=&#8221;0&#8243; bg_color=&#8221;#f9fafb&#8221; el_class=&#8221;big-box&#8221;][vc_column width=&#8221;1\/2&#8243; tablet_sm_width=&#8221;1&#8243;]<div class=\"grve-element grve-carousel-wrapper\"  style=\" \"><div class=\"grve-carousel-navigation grve-dark grve-navigation-4 grve-navigation-default\">\t<div class=\"grve-carousel-buttons\">\t\t<div class=\"grve-carousel-prev\">\t\t\t<i class=\"grve-icon-arrow-left\"><\/i>\t\t<\/div>\t\t<div class=\"grve-carousel-next\">\t\t\t<i class=\"grve-icon-arrow-right\"><\/i>\t\t<\/div>\t<\/div><\/div><div class=\"grve-slider grve-carousel-element\" data-slider-speed=\"3500\" data-slider-pause=\"no\" data-slider-autoplay=\"yes\" data-slider-autoheight=\"no\"><div class=\"grve-slider-item\"><figure><div class=\"grve-media\"><img width=\"800\" height=\"450\" src=\"http:\/\/vidasilvestre.org\/wp-content\/uploads\/2017\/09\/descarrollo_tecnologia_02-800x450.jpg\" class=\"attachment-blade-grve-small-rect-horizontal-wide size-blade-grve-small-rect-horizontal-wide\" alt=\"\" decoding=\"async\" loading=\"lazy\" srcset=\"http:\/\/vidasilvestre.org\/wp-content\/uploads\/2017\/09\/descarrollo_tecnologia_02-800x450.jpg 800w, http:\/\/vidasilvestre.org\/wp-content\/uploads\/2017\/09\/descarrollo_tecnologia_02-300x169.jpg 300w, http:\/\/vidasilvestre.org\/wp-content\/uploads\/2017\/09\/descarrollo_tecnologia_02-768x432.jpg 768w, http:\/\/vidasilvestre.org\/wp-content\/uploads\/2017\/09\/descarrollo_tecnologia_02-1024x576.jpg 1024w, http:\/\/vidasilvestre.org\/wp-content\/uploads\/2017\/09\/descarrollo_tecnologia_02-1170x658.jpg 1170w, http:\/\/vidasilvestre.org\/wp-content\/uploads\/2017\/09\/descarrollo_tecnologia_02.jpg 1920w\" sizes=\"(max-width: 800px) 100vw, 800px\" \/><\/div><\/figure><\/div><div class=\"grve-slider-item\"><figure><div class=\"grve-media\"><img width=\"800\" height=\"450\" src=\"http:\/\/vidasilvestre.org\/wp-content\/uploads\/2017\/09\/descarrollo_tecnologia_01-800x450.jpg\" class=\"attachment-blade-grve-small-rect-horizontal-wide size-blade-grve-small-rect-horizontal-wide\" alt=\"\" decoding=\"async\" loading=\"lazy\" srcset=\"http:\/\/vidasilvestre.org\/wp-content\/uploads\/2017\/09\/descarrollo_tecnologia_01-800x450.jpg 800w, http:\/\/vidasilvestre.org\/wp-content\/uploads\/2017\/09\/descarrollo_tecnologia_01-300x169.jpg 300w, http:\/\/vidasilvestre.org\/wp-content\/uploads\/2017\/09\/descarrollo_tecnologia_01-768x432.jpg 768w, http:\/\/vidasilvestre.org\/wp-content\/uploads\/2017\/09\/descarrollo_tecnologia_01-1024x576.jpg 1024w, http:\/\/vidasilvestre.org\/wp-content\/uploads\/2017\/09\/descarrollo_tecnologia_01-1170x658.jpg 1170w, http:\/\/vidasilvestre.org\/wp-content\/uploads\/2017\/09\/descarrollo_tecnologia_01.jpg 1920w\" sizes=\"(max-width: 800px) 100vw, 800px\" \/><\/div><\/figure><\/div><\/div><\/div>[\/vc_column][vc_column width=&#8221;1\/2&#8243; tablet_sm_width=&#8221;1&#8243;][vc_column_text el_class=&#8221;align-text&#8221;]<\/p>\n<h1>ALTERNATIVE TECHNOLOGY DEVELOPMENT<\/h1>\n<hr \/>\n<p>[\/vc_column_text][vc_column_text]Community well-being and their subsistence through the length of time, as protectors of all that surrounds the, find themselves to be mostly limited by access to various basic services. Many of these communities find themselves obligated to use resources that affect their environment or to misuse the natural resources that surround them.<\/p>\n<p>To achieve a balanced community development, the foundation counts on a team of engineers in charge of finding viable and ecological alternatives in order for these communities to have access to basic services without depending on third parties. These systems also serve to apply monitoring methods, population control, and behavioural evaluation of wild animals affected by the growing demographic.[\/vc_column_text][vc_empty_space height=&#8221;30px&#8221;][\/vc_column][\/vc_row][vc_row bg_type=&#8221;image&#8221; bg_image=&#8221;1103&#8243; bg_image_type=&#8221;parallax&#8221; pattern_overlay=&#8221;yes&#8221; color_overlay=&#8221;dark&#8221; opacity_overlay=&#8221;50&#8243; footer_feature=&#8221;yes&#8221; padding_top=&#8221;150px&#8221; padding_bottom=&#8221;150px&#8221; margin_bottom=&#8221;0px&#8221;][vc_column width=&#8221;1\/4&#8243;][\/vc_column][vc_column width=&#8221;1\/2&#8243; tablet_sm_width=&#8221;1&#8243; font_color=&#8221;#ffffff&#8221;][vc_column_text el_class=&#8221;light align-text&#8221;]<\/p>\n<h1>HAZ TU APORTE<\/h1>\n<hr \/>\n<p>Con tu aporte contribuir\u00e1s a la construcci\u00f3n del hospital de fauna silvestre y dem\u00e1s proyectos que estamos emprendiendo dentro de la fundaci\u00f3n, con el fin de rescatar la fauna y flora en riesgo en la Rep\u00fablica del Ecuador.[\/vc_column_text][vc_column_text]<\/p>\n<p style=\"text-align: center;\"><a class=\"my-button-donate\" href=\"http:\/\/vidasilvestre.org\/donaciones\/\">Donar ahora<\/a><\/p>\n<p>[\/vc_column_text][\/vc_column][vc_column width=&#8221;1\/4&#8243;][\/vc_column][\/vc_row]<\/p>\n","protected":false},"excerpt":{"rendered":"<p>[vc_row header_feature=&#8221;yes&#8221; padding_top=&#8221;100px&#8221; padding_bottom=&#8221;100px&#8221;][vc_column width=&#8221;1\/6&#8243; tablet_sm_width=&#8221;hide&#8221;][\/vc_column][vc_column width=&#8221;2\/3&#8243; tablet_sm_width=&#8221;1&#8243;][vc_empty_space height=&#8221;30px&#8221;][vc_column_text el_class=&#8221;align-text&#8221;] Community [\/vc_column_text][vc_row_inner][vc_column_inner][vc_column_text]Empowering people to care for their environment is essential for the process of conservation encouraged by the foundation. By working with communities, we facilitate the necessary tools to better the quality of life in a sustainable and substantial way. [\/vc_column_text][\/vc_column_inner][\/vc_row_inner][vc_empty_space height=&#8221;30px&#8221;][\/vc_column][vc_column width=&#8221;1\/6&#8243; tablet_sm_width=&#8221;hide&#8221;][\/vc_column][\/vc_row][vc_row bg_type=&#8221;color&#8221; [&hellip;]<\/p>\n","protected":false},"author":1,"featured_media":0,"parent":0,"menu_order":0,"comment_status":"closed","ping_status":"closed","template":"","meta":[],"_links":{"self":[{"href":"http:\/\/vidasilvestre.org\/en\/wp-json\/wp\/v2\/pages\/1659"}],"collection":[{"href":"http:\/\/vidasilvestre.org\/en\/wp-json\/wp\/v2\/pages"}],"about":[{"href":"http:\/\/vidasilvestre.org\/en\/wp-json\/wp\/v2\/types\/page"}],"author":[{"embeddable":true,"href":"http:\/\/vidasilvestre.org\/en\/wp-json\/wp\/v2\/users\/1"}],"replies":[{"embeddable":true,"href":"http:\/\/vidasilvestre.org\/en\/wp-json\/wp\/v2\/comments?post=1659"}],"version-history":[{"count":0,"href":"http:\/\/vidasilvestre.org\/en\/wp-json\/wp\/v2\/pages\/1659\/revisions"}],"wp:attachment":[{"href":"http:\/\/vidasilvestre.org\/en\/wp-json\/wp\/v2\/media?parent=1659"}],"curies":[{"name":"wp","href":"https:\/\/api.w.org\/{rel}","templated":true}]}}