{"id":1579,"date":"2017-09-05T21:35:44","date_gmt":"2017-09-05T21:35:44","guid":{"rendered":"http:\/\/vidasilvestre.org\/educacion\/"},"modified":"2018-01-26T10:45:44","modified_gmt":"2018-01-26T15:45:44","slug":"education","status":"publish","type":"page","link":"http:\/\/vidasilvestre.org\/en\/education\/","title":{"rendered":"Education"},"content":{"rendered":"<p>[vc_row header_feature=&#8221;yes&#8221; padding_top=&#8221;100px&#8221; padding_bottom=&#8221;100px&#8221; margin_bottom=&#8221;0&#8243;][vc_column width=&#8221;1\/6&#8243; tablet_sm_width=&#8221;hide&#8221;][\/vc_column][vc_column width=&#8221;2\/3&#8243; tablet_sm_width=&#8221;1&#8243;][vc_empty_space height=&#8221;30px&#8221;][vc_column_text el_class=&#8221;align-text&#8221;]<\/p>\n<h1>EDUCATION<\/h1>\n<hr \/>\n<h2>El comercio, cacer\u00eda ilegal de fauna silvestre y los accidentes que sufren dia a dia estos animales, son parte de la historia natural de nuestro pa\u00eds<\/h2>\n<p>[\/vc_column_text][vc_row_inner][vc_column_inner][vc_column_text el_class=&#8221;two-columns&#8221;]Give veterinary attention to the wildlife rescued in Ecuador became the main purpose for the team. To help hundreds of animals per month opened the doors of conservational veterinary medicine to dozens of professionals, students, and volunteers, presenting a new opportunity to the organization: to teach new generations the correct way of clinical handling of native animals of Ecuador, as well as training and modernizing veterinary health professionals on innovative procedures for different species.<br \/>\nAltogether, educational projects were entrepreneured for society, focusing on children, adolescents, and adults who can spread Ecuador Wildlife Foundation\u2019s message of conservation: #ImNotaPet. Every educational activity goes along with a variety of audio-visual, graphic, and artistic material that ensure the receptor\u2019s sensibilization.<br \/>\n[\/vc_column_text][\/vc_column_inner][\/vc_row_inner][vc_empty_space height=&#8221;30px&#8221;]<div class=\"grve-element grve-image grve-align-center\" style=\"\"><img width=\"800\" height=\"450\" src=\"http:\/\/vidasilvestre.org\/wp-content\/uploads\/2017\/09\/educacion-fundacion-vida-silvestre-800x450.jpg\" class=\"attachment-blade-grve-small-rect-horizontal-wide size-blade-grve-small-rect-horizontal-wide\" alt=\"\" decoding=\"async\" loading=\"lazy\" srcset=\"http:\/\/vidasilvestre.org\/wp-content\/uploads\/2017\/09\/educacion-fundacion-vida-silvestre-800x450.jpg 800w, http:\/\/vidasilvestre.org\/wp-content\/uploads\/2017\/09\/educacion-fundacion-vida-silvestre-300x169.jpg 300w, http:\/\/vidasilvestre.org\/wp-content\/uploads\/2017\/09\/educacion-fundacion-vida-silvestre-768x432.jpg 768w, http:\/\/vidasilvestre.org\/wp-content\/uploads\/2017\/09\/educacion-fundacion-vida-silvestre-1024x576.jpg 1024w, http:\/\/vidasilvestre.org\/wp-content\/uploads\/2017\/09\/educacion-fundacion-vida-silvestre-1170x658.jpg 1170w, http:\/\/vidasilvestre.org\/wp-content\/uploads\/2017\/09\/educacion-fundacion-vida-silvestre.jpg 1920w\" sizes=\"(max-width: 800px) 100vw, 800px\" \/><\/div>[vc_empty_space height=&#8221;30px&#8221;][\/vc_column][vc_column width=&#8221;1\/6&#8243; tablet_sm_width=&#8221;hide&#8221;][\/vc_column][\/vc_row][vc_row bg_type=&#8221;color&#8221; padding_top=&#8221;100px&#8221; padding_bottom=&#8221;100px&#8221; margin_bottom=&#8221;0&#8243; bg_color=&#8221;#f9fafb&#8221; el_class=&#8221;big-box&#8221;][vc_column width=&#8221;1\/6&#8243; tablet_sm_width=&#8221;hide&#8221;][\/vc_column][vc_column width=&#8221;2\/3&#8243; tablet_sm_width=&#8221;1&#8243;][vc_column_text el_class=&#8221;align-text&#8221;]<\/p>\n<h1>Education Plans<\/h1>\n<hr \/>\n<h2>Programs fit to each individualized educational institution<\/h2>\n<p>[\/vc_column_text][vc_row_inner][vc_column_inner][vc_column_text]During 3 years, Wildlife Foundation has opened the doors to the world of conservation to the students of the K-12 institution: Colegio Menor San Francisco de Quito.<\/p>\n<p>La conservaci\u00f3n de la flora y fauna del pa\u00eds debe iniciar en las comunidades que conviven d\u00eda a d\u00eda con las especies afectadas. El equipo de Vida Silvestre, aprovecha el contacto directo que mantiene con comunidades en campo, para ense\u00f1ar a grandes y peque\u00f1os, las razones por las que debemos cuidar, proteger y respetar la vida silvestre del pa\u00eds.[\/vc_column_text][\/vc_column_inner][\/vc_row_inner][vc_empty_space height=&#8221;35&#8243;]<div class=\"grve-element grve-carousel-wrapper grve-with-gap\" style=\"\"><div class=\"grve-carousel-navigation grve-dark grve-navigation-1 grve-navigation-carousel\">\t<div class=\"grve-carousel-buttons\">\t\t<div class=\"grve-carousel-prev\">\t\t\t<i class=\"grve-icon-arrow-left-alt\"><\/i>\t\t<\/div>\t\t<div class=\"grve-carousel-next\">\t\t\t<i class=\"grve-icon-arrow-right-alt\"><\/i>\t\t<\/div>\t<\/div><\/div>\t<div class=\"grve-flexible-carousel grve-carousel-element \" data-items=\"2\" data-tablet-landscape-items=\"2\" data-tablet-portrait-items=\"1\" data-mobile-items=\"1\" data-slider-speed=\"3000\" data-pagination-speed=\"400\" data-pagination=\"no\" data-slider-autoheight=\"no\" data-slider-pause=\"no\" data-slider-autoplay=\"yes\">[vc_row_inner][vc_column_inner]<div class=\"grve-element grve-image grve-align-center\" style=\"\"><img width=\"1440\" height=\"960\" src=\"http:\/\/vidasilvestre.org\/wp-content\/uploads\/2017\/09\/vida_silvestre_11-e1535390302323.jpg\" class=\"attachment-full size-full\" alt=\"\" decoding=\"async\" loading=\"lazy\" srcset=\"http:\/\/vidasilvestre.org\/wp-content\/uploads\/2017\/09\/vida_silvestre_11-e1535390302323.jpg 1440w, http:\/\/vidasilvestre.org\/wp-content\/uploads\/2017\/09\/vida_silvestre_11-e1535390302323-300x200.jpg 300w, http:\/\/vidasilvestre.org\/wp-content\/uploads\/2017\/09\/vida_silvestre_11-e1535390302323-768x512.jpg 768w, http:\/\/vidasilvestre.org\/wp-content\/uploads\/2017\/09\/vida_silvestre_11-e1535390302323-1024x683.jpg 1024w\" sizes=\"(max-width: 1440px) 100vw, 1440px\" \/><\/div>[vc_empty_space height=&#8221;35&#8243;][vc_column_text]High school students experimenting with the sensation of trafficked animals.[\/vc_column_text][\/vc_column_inner][\/vc_row_inner][vc_row_inner][vc_column_inner]<div class=\"grve-element grve-image grve-align-center\" style=\"\"><img width=\"1920\" height=\"1080\" src=\"http:\/\/vidasilvestre.org\/wp-content\/uploads\/2017\/09\/dibujos_animados.jpg\" class=\"attachment-full size-full\" alt=\"\" decoding=\"async\" loading=\"lazy\" srcset=\"http:\/\/vidasilvestre.org\/wp-content\/uploads\/2017\/09\/dibujos_animados.jpg 1920w, http:\/\/vidasilvestre.org\/wp-content\/uploads\/2017\/09\/dibujos_animados-300x169.jpg 300w, http:\/\/vidasilvestre.org\/wp-content\/uploads\/2017\/09\/dibujos_animados-768x432.jpg 768w, http:\/\/vidasilvestre.org\/wp-content\/uploads\/2017\/09\/dibujos_animados-1024x576.jpg 1024w, http:\/\/vidasilvestre.org\/wp-content\/uploads\/2017\/09\/dibujos_animados-1170x658.jpg 1170w, http:\/\/vidasilvestre.org\/wp-content\/uploads\/2017\/09\/dibujos_animados-800x450.jpg 800w\" sizes=\"(max-width: 1920px) 100vw, 1920px\" \/><\/div>[vc_empty_space height=&#8221;35&#8243;][vc_column_text]Animated designs created for a group of pre-school students. It tells the story of a real patient cared for by our team.[\/vc_column_text][\/vc_column_inner][\/vc_row_inner][vc_row_inner][vc_column_inner]<div class=\"grve-element grve-image grve-align-center\" style=\"\"><img width=\"1920\" height=\"1080\" src=\"http:\/\/vidasilvestre.org\/wp-content\/uploads\/2017\/09\/capacitacion.jpg\" class=\"attachment-full size-full\" alt=\"\" decoding=\"async\" loading=\"lazy\" srcset=\"http:\/\/vidasilvestre.org\/wp-content\/uploads\/2017\/09\/capacitacion.jpg 1920w, http:\/\/vidasilvestre.org\/wp-content\/uploads\/2017\/09\/capacitacion-300x169.jpg 300w, http:\/\/vidasilvestre.org\/wp-content\/uploads\/2017\/09\/capacitacion-768x432.jpg 768w, http:\/\/vidasilvestre.org\/wp-content\/uploads\/2017\/09\/capacitacion-1024x576.jpg 1024w, http:\/\/vidasilvestre.org\/wp-content\/uploads\/2017\/09\/capacitacion-1170x658.jpg 1170w, http:\/\/vidasilvestre.org\/wp-content\/uploads\/2017\/09\/capacitacion-800x450.jpg 800w\" sizes=\"(max-width: 1920px) 100vw, 1920px\" \/><\/div>[vc_empty_space height=&#8221;35&#8243;][vc_column_text]Training leaders of amazonic nationalities and member of the Amazon Defense Front on agricultural and conservation practices.[\/vc_column_text][\/vc_column_inner][\/vc_row_inner]\t<\/div><\/div>[\/vc_column][vc_column width=&#8221;1\/6&#8243; tablet_sm_width=&#8221;hide&#8221;][\/vc_column][\/vc_row][vc_row bg_type=&#8221;color&#8221; bg_color=&#8221;#8cc63f&#8221; padding_top=&#8221;100px&#8221; padding_bottom=&#8221;100px&#8221; margin_bottom=&#8221;0&#8243;][vc_column width=&#8221;1\/6&#8243;][\/vc_column][vc_column width=&#8221;2\/3&#8243;][vc_column_text el_class=&#8221;campain align-text light&#8221;]<\/p>\n<h1>#IMNOTAPET<\/h1>\n<hr \/>\n<p>[\/vc_column_text][vc_column_text el_class=&#8221;light two-columns&#8221;]Thousands of animal species have been cared for by the veterinary team of Wildlife. From species commonly observed in cities, to birds, mammals and reptiles that are critically endangered.<\/p>\n<p>Every rescued animal has a special story. #ImNotaPet, is created as a permanent educational campaign to create consciousness on trafficking, illegal hunting and possession of wildlife and the impact on the ecosystem.<\/p>\n<p>The pictures, show a more sensitive side of these animals, and with them the odyssey that each one has lived.[\/vc_column_text][\/vc_column][vc_column width=&#8221;1\/6&#8243;][\/vc_column][\/vc_row][vc_row section_type=&#8221;fullwidth&#8221; equal_column_height=&#8221;middle-content&#8221; margin_bottom=&#8221;0&#8243;][vc_column width=&#8221;1\/2&#8243; tablet_width=&#8221;1-2&#8243; tablet_sm_width=&#8221;1&#8243;]<div class=\"grve-element grve-image grve-align-center\" style=\"\"><img width=\"1024\" height=\"1088\" src=\"http:\/\/vidasilvestre.org\/wp-content\/uploads\/2017\/09\/ESTA-ES-MANCORA.jpg\" class=\"attachment-full size-full\" alt=\"\" decoding=\"async\" loading=\"lazy\" srcset=\"http:\/\/vidasilvestre.org\/wp-content\/uploads\/2017\/09\/ESTA-ES-MANCORA.jpg 1024w, http:\/\/vidasilvestre.org\/wp-content\/uploads\/2017\/09\/ESTA-ES-MANCORA-282x300.jpg 282w, http:\/\/vidasilvestre.org\/wp-content\/uploads\/2017\/09\/ESTA-ES-MANCORA-768x816.jpg 768w, http:\/\/vidasilvestre.org\/wp-content\/uploads\/2017\/09\/ESTA-ES-MANCORA-964x1024.jpg 964w\" sizes=\"(max-width: 1024px) 100vw, 1024px\" \/><\/div>[\/vc_column][vc_column width=&#8221;1\/2&#8243; tablet_width=&#8221;1-2&#8243; tablet_sm_width=&#8221;1&#8243;][vc_column_text el_class=&#8221;normal-box align-text&#8221;]<\/p>\n<h1>MANCORA<\/h1>\n<hr \/>\n<h2>La historia de una mona ara\u00f1a<\/h2>\n<p>Mancora, is a spider monkey of the Amazon (Ateles belzebuth), transferred from Amaru Zoo to be cared for by the veterinary neurologist.<\/p>\n<p>She was extracted from the jungle by traffickers, who at the moment of her capture, shot and caused severe damage to her spine, leaving her paraplegic.<\/p>\n<p>The CAT- scan showed a pellet lodged in her medullary canal. In surgery, the veterinary doctors extracted the pellet to reduce the pressure caused by it, as well as the inflammation that followed.<\/p>\n<p>Mancora recuperated her motor ability after months of rehabilitation in Yakusinchi. Her last months of life were accompanied by animals, plants, and people who cared for her with great affection and compassion.<br \/>\n[\/vc_column_text][\/vc_column][\/vc_row][vc_row bg_type=&#8221;color&#8221; footer_feature=&#8221;yes&#8221; padding_top=&#8221;100px&#8221; padding_bottom=&#8221;100px&#8221; margin_bottom=&#8221;0&#8243; bg_color=&#8221;#f9fafb&#8221; el_class=&#8221;big-box&#8221;][vc_column width=&#8221;1\/6&#8243; tablet_sm_width=&#8221;hide&#8221;][\/vc_column][vc_column width=&#8221;2\/3&#8243; tablet_sm_width=&#8221;1&#8243;][vc_empty_space height=&#8221;30px&#8221;][vc_column_text el_class=&#8221;align-text&#8221;]<\/p>\n<h1>CONTINUING EDUCATION<\/h1>\n<hr \/>\n<p>[\/vc_column_text][vc_row_inner][vc_column_inner][vc_column_text el_class=&#8221;two-columns&#8221;]To give a second chance to the rescued animals who arrive in Quito to be given medical attention. Wildlife Foundation\u2019s compromise with Ecuador\u2019s wild fauna and flora, promotes continuing education in different areas of conservation. The professionals of the foundation and international specialists, establish the formation of new components in conservation and the modernization of dozens of conservationists in the country.<\/p>\n<p>Through seminars, talks, workshops, congresses, internships, and volunteer programs, the foundation offers comprehensive, practical and quality formation to the public.<br \/>\n[\/vc_column_text][\/vc_column_inner][\/vc_row_inner][vc_empty_space height=&#8221;30px&#8221;]<div class=\"grve-element grve-image grve-align-center\" style=\"\"><img width=\"800\" height=\"450\" src=\"http:\/\/vidasilvestre.org\/wp-content\/uploads\/2017\/09\/educacion_continua-800x450.jpg\" class=\"attachment-blade-grve-small-rect-horizontal-wide size-blade-grve-small-rect-horizontal-wide\" alt=\"\" decoding=\"async\" loading=\"lazy\" srcset=\"http:\/\/vidasilvestre.org\/wp-content\/uploads\/2017\/09\/educacion_continua-800x450.jpg 800w, http:\/\/vidasilvestre.org\/wp-content\/uploads\/2017\/09\/educacion_continua-300x169.jpg 300w, http:\/\/vidasilvestre.org\/wp-content\/uploads\/2017\/09\/educacion_continua-768x432.jpg 768w, http:\/\/vidasilvestre.org\/wp-content\/uploads\/2017\/09\/educacion_continua-1024x576.jpg 1024w, http:\/\/vidasilvestre.org\/wp-content\/uploads\/2017\/09\/educacion_continua-1170x658.jpg 1170w, http:\/\/vidasilvestre.org\/wp-content\/uploads\/2017\/09\/educacion_continua.jpg 1920w\" sizes=\"(max-width: 800px) 100vw, 800px\" \/><\/div>[vc_empty_space height=&#8221;30px&#8221;][\/vc_column][vc_column width=&#8221;1\/6&#8243; tablet_sm_width=&#8221;hide&#8221;][\/vc_column][\/vc_row][vc_row bg_type=&#8221;image&#8221; bg_image=&#8221;1103&#8243; bg_image_type=&#8221;parallax&#8221; pattern_overlay=&#8221;yes&#8221; color_overlay=&#8221;dark&#8221; opacity_overlay=&#8221;50&#8243; footer_feature=&#8221;yes&#8221; padding_top=&#8221;150px&#8221; padding_bottom=&#8221;150px&#8221; margin_bottom=&#8221;0px&#8221;][vc_column width=&#8221;1\/4&#8243;][\/vc_column][vc_column width=&#8221;1\/2&#8243; tablet_sm_width=&#8221;1&#8243; font_color=&#8221;#ffffff&#8221;][vc_column_text el_class=&#8221;light align-text&#8221;]<\/p>\n<h1>HAZ TU APORTE<\/h1>\n<hr \/>\n<p>Con tu aporte contribuir\u00e1s a la construcci\u00f3n del hospital de fauna silvestre y dem\u00e1s proyectos que estamos emprendiendo dentro de la fundaci\u00f3n, con el fin de rescatar la fauna y flora en riesgo en la Rep\u00fablica del Ecuador.[\/vc_column_text][vc_column_text]<\/p>\n<p style=\"text-align: center;\"><a class=\"my-button-donate\" href=\"http:\/\/vidasilvestre.org\/donaciones\/\">Donar ahora<\/a><\/p>\n<p>[\/vc_column_text][\/vc_column][vc_column width=&#8221;1\/4&#8243;][\/vc_column][\/vc_row]<\/p>\n","protected":false},"excerpt":{"rendered":"<p>[vc_row header_feature=&#8221;yes&#8221; padding_top=&#8221;100px&#8221; padding_bottom=&#8221;100px&#8221; margin_bottom=&#8221;0&#8243;][vc_column width=&#8221;1\/6&#8243; tablet_sm_width=&#8221;hide&#8221;][\/vc_column][vc_column width=&#8221;2\/3&#8243; tablet_sm_width=&#8221;1&#8243;][vc_empty_space height=&#8221;30px&#8221;][vc_column_text el_class=&#8221;align-text&#8221;] EDUCATION El comercio, cacer\u00eda ilegal de fauna silvestre y los accidentes que sufren dia a dia estos animales, son parte de la historia natural de nuestro pa\u00eds [\/vc_column_text][vc_row_inner][vc_column_inner][vc_column_text el_class=&#8221;two-columns&#8221;]Give veterinary attention to the wildlife rescued in Ecuador became the main purpose for the team. [&hellip;]<\/p>\n","protected":false},"author":1,"featured_media":0,"parent":0,"menu_order":0,"comment_status":"closed","ping_status":"closed","template":"","meta":[],"_links":{"self":[{"href":"http:\/\/vidasilvestre.org\/en\/wp-json\/wp\/v2\/pages\/1579"}],"collection":[{"href":"http:\/\/vidasilvestre.org\/en\/wp-json\/wp\/v2\/pages"}],"about":[{"href":"http:\/\/vidasilvestre.org\/en\/wp-json\/wp\/v2\/types\/page"}],"author":[{"embeddable":true,"href":"http:\/\/vidasilvestre.org\/en\/wp-json\/wp\/v2\/users\/1"}],"replies":[{"embeddable":true,"href":"http:\/\/vidasilvestre.org\/en\/wp-json\/wp\/v2\/comments?post=1579"}],"version-history":[{"count":0,"href":"http:\/\/vidasilvestre.org\/en\/wp-json\/wp\/v2\/pages\/1579\/revisions"}],"wp:attachment":[{"href":"http:\/\/vidasilvestre.org\/en\/wp-json\/wp\/v2\/media?parent=1579"}],"curies":[{"name":"wp","href":"https:\/\/api.w.org\/{rel}","templated":true}]}}