{"id":1575,"date":"2017-08-31T16:47:28","date_gmt":"2017-08-31T16:47:28","guid":{"rendered":"http:\/\/vidasilvestre.org\/nuestra-labor\/"},"modified":"2019-02-11T10:18:27","modified_gmt":"2019-02-11T15:18:27","slug":"our-work","status":"publish","type":"page","link":"http:\/\/vidasilvestre.org\/en\/our-work\/","title":{"rendered":"Our Work"},"content":{"rendered":"<p>[vc_row header_feature=&#8221;yes&#8221; padding_top=&#8221;100px&#8221; padding_bottom=&#8221;100px&#8221; margin_bottom=&#8221;0&#8243;][vc_column width=&#8221;1\/6&#8243; tablet_sm_width=&#8221;hide&#8221;][\/vc_column][vc_column width=&#8221;2\/3&#8243; tablet_sm_width=&#8221;1&#8243;][vc_column_text el_class=&#8221;align-text&#8221;]<\/p>\n<h1>OUR WORK<\/h1>\n<h2>Wild plants and animals of Ecuador have their place in Ecuador Wildlife Foundation<\/h2>\n<hr \/>\n<p>Wild plants and animals of Ecuador have their place in Wildlife Foundation. All projects initiated by the organization, look to protect and care for the species of Ecuador. Some activities developed since 2012 include: handling centers for fauna and flora, conservation reservations in areas of great diversity, educational activities in urban and rural areas, and direct collaboration with communities to achieve a sustainable development.<\/p>\n<p><a class=\"my-button2\" href=\"http:\/\/vidasilvestre.org\/fundation\/\">ABOUT US<\/a>[\/vc_column_text][\/vc_column][vc_column width=&#8221;1\/6&#8243; tablet_sm_width=&#8221;hide&#8221;][\/vc_column][\/vc_row][vc_row bg_type=&#8221;color&#8221; desktop_visibility=&#8221;hide&#8221; tablet_visibility=&#8221;hide&#8221; tablet_sm_visibility=&#8221;hide&#8221; mobile_visibility=&#8221;hide&#8221; padding_top=&#8221;100px&#8221; padding_bottom=&#8221;100px&#8221; margin_bottom=&#8221;0&#8243; bg_color=&#8221;#f6f5f2&#8243;][vc_column width=&#8221;1\/4&#8243;]<div class=\"grve-element grve-box grve-align-center\" style=\"\"><a href=\"#\" target=\"_self\"><figure class=\"grve-image-hover grve-zoom-none\">\t<div class=\"grve-media\">\t\t<div class=\"grve-bg-light grve-hover-overlay grve-opacity-90\"><\/div><img width=\"200\" height=\"200\" src=\"http:\/\/vidasilvestre.org\/wp-content\/uploads\/2017\/08\/img-circle.jpg\" class=\"attachment-full size-full\" alt=\"\" decoding=\"async\" loading=\"lazy\" srcset=\"http:\/\/vidasilvestre.org\/wp-content\/uploads\/2017\/08\/img-circle.jpg 200w, http:\/\/vidasilvestre.org\/wp-content\/uploads\/2017\/08\/img-circle-150x150.jpg 150w\" sizes=\"(max-width: 200px) 100vw, 200px\" \/>\t<\/div><\/figure><\/a>  <div class=\"grve-box-content\">    <a href=\"#\" target=\"_self\"><h2 class=\"grve-box-title grve-h2\">EDUCACI\u00d3N<\/h2>    <\/a>    <p>Sample Text<\/p>  <\/div><\/div>[\/vc_column][vc_column width=&#8221;1\/4&#8243;]<div class=\"grve-element grve-box grve-align-center\" style=\"\"><a href=\"#\" target=\"_self\"><figure class=\"grve-image-hover grve-zoom-none\">\t<div class=\"grve-media\">\t\t<div class=\"grve-bg-light grve-hover-overlay grve-opacity-90\"><\/div><img width=\"200\" height=\"200\" src=\"http:\/\/vidasilvestre.org\/wp-content\/uploads\/2017\/08\/img-circle.jpg\" class=\"attachment-full size-full\" alt=\"\" decoding=\"async\" loading=\"lazy\" srcset=\"http:\/\/vidasilvestre.org\/wp-content\/uploads\/2017\/08\/img-circle.jpg 200w, http:\/\/vidasilvestre.org\/wp-content\/uploads\/2017\/08\/img-circle-150x150.jpg 150w\" sizes=\"(max-width: 200px) 100vw, 200px\" \/>\t<\/div><\/figure><\/a>  <div class=\"grve-box-content\">    <a href=\"#\" target=\"_self\"><h2 class=\"grve-box-title grve-h2\">DESARROLLO COMUNITARIO<\/h2>    <\/a>    <p>Sample Text<\/p>  <\/div><\/div>[\/vc_column][vc_column width=&#8221;1\/4&#8243;]<div class=\"grve-element grve-box grve-align-center\" style=\"\"><a href=\"#\" target=\"_self\"><figure class=\"grve-image-hover grve-zoom-none\">\t<div class=\"grve-media\">\t\t<div class=\"grve-bg-light grve-hover-overlay grve-opacity-90\"><\/div><img width=\"200\" height=\"200\" src=\"http:\/\/vidasilvestre.org\/wp-content\/uploads\/2017\/08\/img-circle.jpg\" class=\"attachment-full size-full\" alt=\"\" decoding=\"async\" loading=\"lazy\" srcset=\"http:\/\/vidasilvestre.org\/wp-content\/uploads\/2017\/08\/img-circle.jpg 200w, http:\/\/vidasilvestre.org\/wp-content\/uploads\/2017\/08\/img-circle-150x150.jpg 150w\" sizes=\"(max-width: 200px) 100vw, 200px\" \/>\t<\/div><\/figure><\/a>  <div class=\"grve-box-content\">    <a href=\"#\" target=\"_self\"><h2 class=\"grve-box-title grve-h2\">INVESTIGACI\u00d3N<\/h2>    <\/a>    <p>Sample Text<\/p>  <\/div><\/div>[\/vc_column][vc_column width=&#8221;1\/4&#8243;]<div class=\"grve-element grve-box grve-align-center\" style=\"\"><a href=\"#\" target=\"_self\"><figure class=\"grve-image-hover grve-zoom-none\">\t<div class=\"grve-media\">\t\t<div class=\"grve-bg-light grve-hover-overlay grve-opacity-90\"><\/div><img width=\"200\" height=\"200\" src=\"http:\/\/vidasilvestre.org\/wp-content\/uploads\/2017\/08\/img-circle.jpg\" class=\"attachment-full size-full\" alt=\"\" decoding=\"async\" loading=\"lazy\" srcset=\"http:\/\/vidasilvestre.org\/wp-content\/uploads\/2017\/08\/img-circle.jpg 200w, http:\/\/vidasilvestre.org\/wp-content\/uploads\/2017\/08\/img-circle-150x150.jpg 150w\" sizes=\"(max-width: 200px) 100vw, 200px\" \/>\t<\/div><\/figure><\/a>  <div class=\"grve-box-content\">    <a href=\"#\" target=\"_self\"><h2 class=\"grve-box-title grve-h2\">CONSERVACI\u00d3N<\/h2>    <\/a>    <p>Sample Text<\/p>  <\/div><\/div>[\/vc_column][\/vc_row][vc_row section_type=&#8221;fullwidth&#8221; bg_type=&#8221;color&#8221; equal_column_height=&#8221;equal-column&#8221; margin_bottom=&#8221;0&#8243;][vc_column width=&#8221;1\/4&#8243; tablet_sm_width=&#8221;1-2&#8243; css=&#8221;.vc_custom_1505256121188{background-image: url(http:\/\/vidasilvestre.org\/wp-content\/uploads\/2017\/08\/educacion-background.jpg?id=875) !important;background-position: center !important;background-repeat: no-repeat !important;background-size: cover !important;}&#8221;][vc_column_text el_class=&#8221;gray-box-full&#8221;]<img decoding=\"async\" loading=\"lazy\" src=\"http:\/\/vidasilvestre.org\/wp-content\/uploads\/2017\/08\/icons-bombillo-ini.png\" alt=\"\" width=\"48\" height=\"48\" \/><\/p>\n<h2>Education<\/h2>\n<p>Because of the importance and the great impact that education has on society on conservation of wildlife, we keep up with a variety of programs and campaigns that aim to create consciousness on the community.<\/p>\n<p><a class=\"my-button2\" href=\"http:\/\/vidasilvestre.org\/education\/\">More<\/a>[\/vc_column_text][\/vc_column][vc_column width=&#8221;1\/4&#8243; tablet_sm_width=&#8221;1-2&#8243; css=&#8221;.vc_custom_1505256214812{background-image: url(http:\/\/vidasilvestre.org\/wp-content\/uploads\/2017\/08\/comunidad-background-1.jpg?id=873) !important;background-position: center !important;background-repeat: no-repeat !important;background-size: cover !important;}&#8221;][vc_column_text el_class=&#8221;gray-box-full&#8221;]<img decoding=\"async\" loading=\"lazy\" class=\"alignnone size-full wp-image-781\" src=\"http:\/\/vidasilvestre.org\/wp-content\/uploads\/2017\/08\/icons8-Trust-48.png\" alt=\"\" width=\"48\" height=\"48\" \/><\/p>\n<h2>Community<\/h2>\n<p>Empowering people to care for their environment is essential for the process of conservation encouraged by the foundation. By working with communities, we facilitate the necessary tools to better the quality of life in a sustainable and substantial way.<br \/>\n<a class=\"my-button2\" href=\"http:\/\/vidasilvestre.org\/bienestar-comunitario\/\">More<\/a>[\/vc_column_text][\/vc_column][vc_column width=&#8221;1\/4&#8243; tablet_sm_width=&#8221;1-2&#8243; css=&#8221;.vc_custom_1505256228980{background-image: url(http:\/\/vidasilvestre.org\/wp-content\/uploads\/2017\/08\/investigacion-background-1.jpg?id=876) !important;background-position: center !important;background-repeat: no-repeat !important;background-size: cover !important;}&#8221;][vc_column_text el_class=&#8221;gray-box-full&#8221;]<img decoding=\"async\" loading=\"lazy\" class=\"alignnone size-full wp-image-783\" src=\"http:\/\/vidasilvestre.org\/wp-content\/uploads\/2017\/08\/icons8-Microscope-48.png\" alt=\"\" width=\"48\" height=\"48\" \/><\/p>\n<h2>Research<\/h2>\n<p>Our work with wildlife provides invaluable data that must be shared to support conservation on a national level. Research and scientific diffusion are vital tools used for acquiring knowledge on activities such as biological and medical handling of our animals.<\/p>\n<p><a class=\"my-button2\" href=\"http:\/\/vidasilvestre.org\/investigacion\/\">More<\/a>[\/vc_column_text][\/vc_column][vc_column width=&#8221;1\/4&#8243; tablet_sm_width=&#8221;1-2&#8243; css=&#8221;.vc_custom_1505256241668{background-image: url(http:\/\/vidasilvestre.org\/wp-content\/uploads\/2017\/08\/conservacion-background-1.jpg?id=874) !important;background-position: center !important;background-repeat: no-repeat !important;background-size: cover !important;}&#8221;][vc_column_text el_class=&#8221;gray-box-full&#8221;]<img decoding=\"async\" loading=\"lazy\" class=\"alignnone size-full wp-image-779\" src=\"http:\/\/vidasilvestre.org\/wp-content\/uploads\/2017\/08\/icons8-Alps-48.png\" alt=\"\" width=\"48\" height=\"48\" \/><\/p>\n<h2>Conservation<\/h2>\n<p>Wildlife care in Ecuador is the reason of existence in the organization. The native and endemic plants and animals of Ecuador are the beneficiaries of each, and every one of our projects.<\/p>\n<p><a class=\"my-button2\" href=\"http:\/\/vidasilvestre.org\/conservacion\/\">Mores<\/a>[\/vc_column_text][\/vc_column][\/vc_row][vc_row padding_top=&#8221;100px&#8221; padding_bottom=&#8221;100px&#8221;][vc_column]<h1 class=\"grve-element grve-title grve-align-center grve-h1\" style=\"\"><span>Nuestra labor en cifras<span class=\"grve-title-line grve-bg-green\" style=\"width: 50px;height: 2px;\"><\/span><\/span><\/h1>[vc_empty_space height=&#8221;70px&#8221;][vc_row_inner][vc_column_inner width=&#8221;1\/3&#8243;]<div class=\"grve-element grve-image grve-align-center\" style=\"\"><img width=\"48\" height=\"48\" src=\"http:\/\/vidasilvestre.org\/wp-content\/uploads\/2017\/08\/icons8-Oak-Tree-48-ini.png\" class=\"attachment-full size-full\" alt=\"\" decoding=\"async\" loading=\"lazy\" srcset=\"http:\/\/vidasilvestre.org\/wp-content\/uploads\/2017\/08\/icons8-Oak-Tree-48-ini.png 1x,http:\/\/vidasilvestre.org\/wp-content\/uploads\/2017\/08\/icons8-Oak-Tree-48.png 2x\" \/><\/div><div class=\"grve-element grve-counter grve-align-center\" style=\"\">  <div class=\"grve-counter-content\">    <div class=\"grve-counter-item grve-text-black grve-large\">      <span data-thousands-separator-vis=\"\" data-thousands-separator=\"\" data-prefix=\"\" data-suffix=\"\" data-start-val=\"0\" data-end-val=\"570\" data-decimal-points=\"0\" data-decimal-separator=\".\">0<\/span>    <\/div>\t<h2 class=\"grve-counter-title grve-h2\">HECTARES OF PROTECTED FORESTS<\/h2>  <\/div><\/div>[\/vc_column_inner][vc_column_inner width=&#8221;1\/3&#8243;]<div class=\"grve-element grve-image grve-align-center\" style=\"\"><img width=\"48\" height=\"48\" src=\"http:\/\/vidasilvestre.org\/wp-content\/uploads\/2017\/08\/icons-armadillo-ini.png\" class=\"attachment-full size-full\" alt=\"\" decoding=\"async\" loading=\"lazy\" srcset=\"http:\/\/vidasilvestre.org\/wp-content\/uploads\/2017\/08\/icons-armadillo-ini.png 1x,http:\/\/vidasilvestre.org\/wp-content\/uploads\/2017\/08\/icons-armadillo.png 2x\" \/><\/div><div class=\"grve-element grve-counter grve-align-center\" style=\"\">  <div class=\"grve-counter-content\">    <div class=\"grve-counter-item grve-text-black grve-large\">      <span data-thousands-separator-vis=\"\" data-thousands-separator=\"\" data-prefix=\"\" data-suffix=\"\" data-start-val=\"2500\" data-end-val=\"3000\" data-decimal-points=\"0\" data-decimal-separator=\".\">2500<\/span>    <\/div>\t<h2 class=\"grve-counter-title grve-h2\">WILD ANIMALS CARED FOR SINCE 2012<\/h2>  <\/div><\/div>[\/vc_column_inner][vc_column_inner width=&#8221;1\/3&#8243;]<div class=\"grve-element grve-image grve-align-center\" style=\"\"><img width=\"48\" height=\"48\" src=\"http:\/\/vidasilvestre.org\/wp-content\/uploads\/2018\/12\/plantita-02.png\" class=\"attachment-full size-full\" alt=\"\" decoding=\"async\" loading=\"lazy\" srcset=\"http:\/\/vidasilvestre.org\/wp-content\/uploads\/2018\/12\/plantita-02.png 1x,http:\/\/vidasilvestre.org\/wp-content\/uploads\/2018\/12\/plantita-01.png 2x\" \/><\/div><div class=\"grve-element grve-counter grve-align-center\" style=\"\">  <div class=\"grve-counter-content\">    <div class=\"grve-counter-item grve-text-black grve-large\">      <span data-thousands-separator-vis=\"\" data-thousands-separator=\"\" data-prefix=\"\" data-suffix=\"\" data-start-val=\"0\" data-end-val=\"8\" data-decimal-points=\"0\" data-decimal-separator=\".\">0<\/span>    <\/div>\t<h2 class=\"grve-counter-title grve-h2\">ENDANGERED NATIVE PLANTS SAVED<\/h2>  <\/div><\/div>[\/vc_column_inner][\/vc_row_inner][\/vc_column][\/vc_row][vc_row bg_type=&#8221;image&#8221; bg_image=&#8221;1103&#8243; bg_image_type=&#8221;parallax&#8221; pattern_overlay=&#8221;yes&#8221; color_overlay=&#8221;dark&#8221; opacity_overlay=&#8221;50&#8243; footer_feature=&#8221;yes&#8221; padding_top=&#8221;150px&#8221; padding_bottom=&#8221;150px&#8221; margin_bottom=&#8221;0px&#8221;][vc_column width=&#8221;1\/4&#8243;][\/vc_column][vc_column width=&#8221;1\/2&#8243; tablet_sm_width=&#8221;1&#8243; font_color=&#8221;#ffffff&#8221;][vc_column_text el_class=&#8221;light align-text&#8221;]<\/p>\n<h1>HAZ TU APORTE<\/h1>\n<hr \/>\n<p>Con tu aporte contribuir\u00e1s a la construcci\u00f3n del hospital de fauna silvestre y dem\u00e1s proyectos que estamos emprendiendo dentro de la fundaci\u00f3n, con el fin de rescatar la fauna y flora en riesgo en la Rep\u00fablica del Ecuador.[\/vc_column_text][vc_column_text]<\/p>\n<p style=\"text-align: center;\"><a class=\"my-button-donate\" href=\"http:\/\/vidasilvestre.org\/donaciones\/\">Donar ahora<\/a><\/p>\n<p>[\/vc_column_text][\/vc_column][vc_column width=&#8221;1\/4&#8243;][\/vc_column][\/vc_row]<\/p>\n","protected":false},"excerpt":{"rendered":"<p>[vc_row header_feature=&#8221;yes&#8221; padding_top=&#8221;100px&#8221; padding_bottom=&#8221;100px&#8221; margin_bottom=&#8221;0&#8243;][vc_column width=&#8221;1\/6&#8243; tablet_sm_width=&#8221;hide&#8221;][\/vc_column][vc_column width=&#8221;2\/3&#8243; tablet_sm_width=&#8221;1&#8243;][vc_column_text el_class=&#8221;align-text&#8221;] OUR WORK Wild plants and animals of Ecuador have their place in Ecuador Wildlife Foundation Wild plants and animals of Ecuador have their place in Wildlife Foundation. All projects initiated by the organization, look to protect and care for the species of Ecuador. Some activities [&hellip;]<\/p>\n","protected":false},"author":1,"featured_media":0,"parent":0,"menu_order":0,"comment_status":"closed","ping_status":"closed","template":"","meta":[],"_links":{"self":[{"href":"http:\/\/vidasilvestre.org\/en\/wp-json\/wp\/v2\/pages\/1575"}],"collection":[{"href":"http:\/\/vidasilvestre.org\/en\/wp-json\/wp\/v2\/pages"}],"about":[{"href":"http:\/\/vidasilvestre.org\/en\/wp-json\/wp\/v2\/types\/page"}],"author":[{"embeddable":true,"href":"http:\/\/vidasilvestre.org\/en\/wp-json\/wp\/v2\/users\/1"}],"replies":[{"embeddable":true,"href":"http:\/\/vidasilvestre.org\/en\/wp-json\/wp\/v2\/comments?post=1575"}],"version-history":[{"count":2,"href":"http:\/\/vidasilvestre.org\/en\/wp-json\/wp\/v2\/pages\/1575\/revisions"}],"predecessor-version":[{"id":1912,"href":"http:\/\/vidasilvestre.org\/en\/wp-json\/wp\/v2\/pages\/1575\/revisions\/1912"}],"wp:attachment":[{"href":"http:\/\/vidasilvestre.org\/en\/wp-json\/wp\/v2\/media?parent=1575"}],"curies":[{"name":"wp","href":"https:\/\/api.w.org\/{rel}","templated":true}]}}